{"id":10,"date":"2015-10-12T18:25:42","date_gmt":"2015-10-12T18:25:42","guid":{"rendered":"http:\/\/www.gemsonic.hu\/?page_id=10"},"modified":"2018-02-09T15:32:03","modified_gmt":"2018-02-09T15:32:03","slug":"foliavagas_ontapado-folia-vagas_matrica-vagas_formaricceles","status":"publish","type":"page","link":"https:\/\/www.gemsonic.hu\/index.php\/foliavagas_ontapado-folia-vagas_matrica-vagas_formaricceles\/","title":{"rendered":"F\u00f3liav\u00e1g\u00e1s"},"content":{"rendered":"<p>V\u00e1g\u00f3g\u00e9p\u00fcnk, ami egy Graphtec CE-6000Plus, 124cm sz\u00e9less\u00e9gben k\u00e9pes nyomtatott vagy sz\u00ednes f\u00f3li\u00e1kat v\u00e1gni, vagy el\u0151re nyomtatott anyagokat kont\u00farv\u00e1gni. Ez ut\u00f3bbi m\u00f3dszerrel tudunk\u00a0kis sz\u00e9ri\u00e1s c\u00edmk\u00e9ket, embl\u00e9m\u00e1kat is gy\u00e1rtani. Az elj\u00e1r\u00e1s bet\u0171v\u00e1g\u00e1s vagy bet\u0171kiv\u00e1g\u00e1s n\u00e9ven v\u00e1lt ismertt\u00e9 a rekl\u00e1mszakm\u00e1ban; mivel els\u0151dleges c\u00e9lja sz\u00f6veges feliratok k\u00e9sz\u00edt\u00e9se volt.<\/p>\n<p>Felhaszn\u00e1l\u00e1si ter\u00fcletek:<\/p>\n<ul>\n<li>rekl\u00e1mt\u00e1bl\u00e1k<\/li>\n<li>ki\u00e1ll\u00edt\u00e1si standok<\/li>\n<li>c\u00e9gt\u00e1bl\u00e1k<\/li>\n<li>kirakat feliratoz\u00e1s<\/li>\n<li>g\u00e9pj\u00e1rm\u0171 feliratoz\u00e1s<\/li>\n<li>\u00fczletdekor\u00e1ci\u00f3<\/li>\n<li>vil\u00e1g\u00edt\u00f3 rekl\u00e1mdoboz<\/li>\n<li>ponyvafeliratoz\u00e1s<\/li>\n<\/ul>\n<p>F\u00f3liav\u00e1g\u00e1s plotterrel:<a href=\"https:\/\/www.gemsonic.hu\/wp-content\/uploads\/plottervagas.jpg\"><img loading=\"lazy\" decoding=\"async\" class=\"alignnone size-large wp-image-52\" src=\"https:\/\/www.gemsonic.hu\/wp-content\/uploads\/plottervagas-644x483.jpg\" alt=\"plottervagas\" width=\"644\" height=\"483\" srcset=\"https:\/\/www.gemsonic.hu\/wp-content\/uploads\/plottervagas-644x483.jpg 644w, https:\/\/www.gemsonic.hu\/wp-content\/uploads\/plottervagas-300x225.jpg 300w, https:\/\/www.gemsonic.hu\/wp-content\/uploads\/plottervagas.jpg 1600w\" sizes=\"auto, (max-width: 644px) 100vw, 644px\" \/><\/a><\/p>\n<p>Nyomtatott, lamin\u00e1lt \u00e9s plotterv\u00e1gott f\u00f3lia kiszed\u00e9se (c\u00edmkegy\u00e1rt\u00e1s):<a href=\"https:\/\/www.gemsonic.hu\/wp-content\/uploads\/kiszedes.jpg\"><img loading=\"lazy\" decoding=\"async\" class=\"alignnone size-large wp-image-50\" src=\"https:\/\/www.gemsonic.hu\/wp-content\/uploads\/kiszedes-644x483.jpg\" alt=\"kiszedes\" width=\"644\" height=\"483\" srcset=\"https:\/\/www.gemsonic.hu\/wp-content\/uploads\/kiszedes-644x483.jpg 644w, https:\/\/www.gemsonic.hu\/wp-content\/uploads\/kiszedes-300x225.jpg 300w, https:\/\/www.gemsonic.hu\/wp-content\/uploads\/kiszedes.jpg 1600w\" sizes=\"auto, (max-width: 644px) 100vw, 644px\" \/><\/a><\/p>\n<p>F\u00f3liav\u00e1gott dekor\u00e1ci\u00f3 aut\u00f3n:<a href=\"https:\/\/www.gemsonic.hu\/wp-content\/uploads\/tatra_2014.jpg\"><img loading=\"lazy\" decoding=\"async\" class=\"alignnone size-large wp-image-32\" src=\"https:\/\/www.gemsonic.hu\/wp-content\/uploads\/tatra_2014-644x483.jpg\" alt=\"tatra_2014\" width=\"644\" height=\"483\" srcset=\"https:\/\/www.gemsonic.hu\/wp-content\/uploads\/tatra_2014-644x483.jpg 644w, https:\/\/www.gemsonic.hu\/wp-content\/uploads\/tatra_2014-300x225.jpg 300w, https:\/\/www.gemsonic.hu\/wp-content\/uploads\/tatra_2014.jpg 1600w\" sizes=\"auto, (max-width: 644px) 100vw, 644px\" \/><\/a><\/p>\n<p>Fekete f\u00f3li\u00e1b\u00f3l v\u00e1gott matric\u00e1k:<br \/>\n<a href=\"https:\/\/www.gemsonic.hu\/wp-content\/uploads\/unix_vagott2015.jpg\"><img loading=\"lazy\" decoding=\"async\" class=\"alignnone size-large wp-image-101\" src=\"https:\/\/www.gemsonic.hu\/wp-content\/uploads\/unix_vagott2015-644x483.jpg\" alt=\"unix_vagott2015\" width=\"644\" height=\"483\" srcset=\"https:\/\/www.gemsonic.hu\/wp-content\/uploads\/unix_vagott2015-644x483.jpg 644w, https:\/\/www.gemsonic.hu\/wp-content\/uploads\/unix_vagott2015-300x225.jpg 300w, https:\/\/www.gemsonic.hu\/wp-content\/uploads\/unix_vagott2015.jpg 1600w\" sizes=\"auto, (max-width: 644px) 100vw, 644px\" \/><\/a><\/p>\n","protected":false},"excerpt":{"rendered":"<p>V\u00e1g\u00f3g\u00e9p\u00fcnk, ami egy Graphtec CE-6000Plus, 124cm sz\u00e9less\u00e9gben k\u00e9pes nyomtatott vagy sz\u00ednes f\u00f3li\u00e1kat v\u00e1gni, vagy el\u0151re nyomtatott anyagokat kont\u00farv\u00e1gni. Ez ut\u00f3bbi m\u00f3dszerrel tudunk\u00a0kis sz\u00e9ri\u00e1s c\u00edmk\u00e9ket, embl\u00e9m\u00e1kat is gy\u00e1rtani. Az elj\u00e1r\u00e1s bet\u0171v\u00e1g\u00e1s vagy bet\u0171kiv\u00e1g\u00e1s n\u00e9ven v\u00e1lt ismertt\u00e9 a rekl\u00e1mszakm\u00e1ban; mivel els\u0151dleges c\u00e9lja sz\u00f6veges feliratok k\u00e9sz\u00edt\u00e9se volt. Felhaszn\u00e1l\u00e1si ter\u00fcletek: rekl\u00e1mt\u00e1bl\u00e1k ki\u00e1ll\u00edt\u00e1si standok c\u00e9gt\u00e1bl\u00e1k kirakat feliratoz\u00e1s g\u00e9pj\u00e1rm\u0171 feliratoz\u00e1s \u00fczletdekor\u00e1ci\u00f3&#8230;<\/p>\n","protected":false},"author":1,"featured_media":0,"parent":0,"menu_order":2,"comment_status":"closed","ping_status":"closed","template":"","meta":{"footnotes":""},"class_list":["post-10","page","type-page","status-publish","hentry"],"_links":{"self":[{"href":"https:\/\/www.gemsonic.hu\/index.php\/wp-json\/wp\/v2\/pages\/10","targetHints":{"allow":["GET"]}}],"collection":[{"href":"https:\/\/www.gemsonic.hu\/index.php\/wp-json\/wp\/v2\/pages"}],"about":[{"href":"https:\/\/www.gemsonic.hu\/index.php\/wp-json\/wp\/v2\/types\/page"}],"author":[{"embeddable":true,"href":"https:\/\/www.gemsonic.hu\/index.php\/wp-json\/wp\/v2\/users\/1"}],"replies":[{"embeddable":true,"href":"https:\/\/www.gemsonic.hu\/index.php\/wp-json\/wp\/v2\/comments?post=10"}],"version-history":[{"count":5,"href":"https:\/\/www.gemsonic.hu\/index.php\/wp-json\/wp\/v2\/pages\/10\/revisions"}],"predecessor-version":[{"id":261,"href":"https:\/\/www.gemsonic.hu\/index.php\/wp-json\/wp\/v2\/pages\/10\/revisions\/261"}],"wp:attachment":[{"href":"https:\/\/www.gemsonic.hu\/index.php\/wp-json\/wp\/v2\/media?parent=10"}],"curies":[{"name":"wp","href":"https:\/\/api.w.org\/{rel}","templated":true}]}}