{"id":14,"date":"2015-10-12T18:31:17","date_gmt":"2015-10-12T18:31:17","guid":{"rendered":"http:\/\/www.gemsonic.hu\/?page_id=14"},"modified":"2018-02-02T07:35:14","modified_gmt":"2018-02-02T07:35:14","slug":"jarmudekoracio","status":"publish","type":"page","link":"https:\/\/www.gemsonic.hu\/index.php\/jarmudekoracio\/","title":{"rendered":"Aut\u00f3dekor\u00e1ci\u00f3, aut\u00f3 f\u00f3li\u00e1z\u00e1s"},"content":{"rendered":"<p>Aut\u00f3- vagy m\u00e1s j\u00e1rm\u0171dekor\u00e1ci\u00f3, prom\u00f3ci\u00f3s vagy hossz\u00fa \u00e9lettartam\u00fa alapanyagokb\u00f3l k\u00e9sz\u00edtve, v\u00e1gott \u00e9s nyomtatott kivitelben.<br \/>\nKivitelez\u00e9st \u00e9s ig\u00e9ny szerint tervez\u00e9st is v\u00e1llalunk.<\/p>\n<p>Nyomtatott, lamin\u00e1lt \u00e9s form\u00e1ra v\u00e1gott dekor\u00e1ci\u00f3:<a href=\"https:\/\/www.gemsonic.hu\/wp-content\/uploads\/unix_doblo2015.jpg\"><img loading=\"lazy\" decoding=\"async\" class=\"alignnone size-large wp-image-33\" src=\"https:\/\/www.gemsonic.hu\/wp-content\/uploads\/unix_doblo2015-644x483.jpg\" alt=\"unix_doblo2015\" width=\"644\" height=\"483\" srcset=\"https:\/\/www.gemsonic.hu\/wp-content\/uploads\/unix_doblo2015-644x483.jpg 644w, https:\/\/www.gemsonic.hu\/wp-content\/uploads\/unix_doblo2015-300x225.jpg 300w, https:\/\/www.gemsonic.hu\/wp-content\/uploads\/unix_doblo2015.jpg 1600w\" sizes=\"auto, (max-width: 644px) 100vw, 644px\" \/><\/a><\/p>\n<p>Kamion f\u00f3li\u00e1z\u00e1s, anyag\u00e1ban k\u00e9k f\u00f3li\u00e1b\u00f3l v\u00e1gott dekor\u00e1ci\u00f3:<a href=\"https:\/\/www.gemsonic.hu\/wp-content\/uploads\/tatra_2014.jpg\"><img loading=\"lazy\" decoding=\"async\" class=\"alignnone size-large wp-image-32\" src=\"https:\/\/www.gemsonic.hu\/wp-content\/uploads\/tatra_2014-644x483.jpg\" alt=\"tatra_2014\" width=\"644\" height=\"483\" srcset=\"https:\/\/www.gemsonic.hu\/wp-content\/uploads\/tatra_2014-644x483.jpg 644w, https:\/\/www.gemsonic.hu\/wp-content\/uploads\/tatra_2014-300x225.jpg 300w, https:\/\/www.gemsonic.hu\/wp-content\/uploads\/tatra_2014.jpg 1600w\" sizes=\"auto, (max-width: 644px) 100vw, 644px\" \/><\/a><\/p>\n<p>Prom\u00f3ci\u00f3s aut\u00f3f\u00f3lia:<a href=\"https:\/\/www.gemsonic.hu\/wp-content\/uploads\/cooprally_2015.jpg\"><img loading=\"lazy\" decoding=\"async\" class=\"alignnone size-large wp-image-40\" src=\"https:\/\/www.gemsonic.hu\/wp-content\/uploads\/cooprally_2015-644x483.jpg\" alt=\"cooprally_2015\" width=\"644\" height=\"483\" srcset=\"https:\/\/www.gemsonic.hu\/wp-content\/uploads\/cooprally_2015-644x483.jpg 644w, https:\/\/www.gemsonic.hu\/wp-content\/uploads\/cooprally_2015-300x225.jpg 300w, https:\/\/www.gemsonic.hu\/wp-content\/uploads\/cooprally_2015.jpg 1600w\" sizes=\"auto, (max-width: 644px) 100vw, 644px\" \/><\/a><\/p>\n<p>101 f\u00f3li\u00e1zott aut\u00f3:<a href=\"https:\/\/www.gemsonic.hu\/wp-content\/uploads\/cooprallypano_2015.jpg\"><img loading=\"lazy\" decoding=\"async\" class=\"alignnone size-large wp-image-41\" src=\"https:\/\/www.gemsonic.hu\/wp-content\/uploads\/cooprallypano_2015-644x213.jpg\" alt=\"cooprallypano_2015\" width=\"644\" height=\"213\" srcset=\"https:\/\/www.gemsonic.hu\/wp-content\/uploads\/cooprallypano_2015-644x213.jpg 644w, https:\/\/www.gemsonic.hu\/wp-content\/uploads\/cooprallypano_2015-300x99.jpg 300w\" sizes=\"auto, (max-width: 644px) 100vw, 644px\" \/><\/a><\/p>\n<p>Teljes aut\u00f3 bevon\u00e1s nyomtatott f\u00f3li\u00e1val:<br \/>\n<a href=\"https:\/\/www.gemsonic.hu\/wp-content\/uploads\/renault_2015.jpg\"><img loading=\"lazy\" decoding=\"async\" class=\"alignnone size-large wp-image-96\" src=\"https:\/\/www.gemsonic.hu\/wp-content\/uploads\/renault_2015-644x483.jpg\" alt=\"renault_2015\" width=\"644\" height=\"483\" srcset=\"https:\/\/www.gemsonic.hu\/wp-content\/uploads\/renault_2015-644x483.jpg 644w, https:\/\/www.gemsonic.hu\/wp-content\/uploads\/renault_2015-300x225.jpg 300w, https:\/\/www.gemsonic.hu\/wp-content\/uploads\/renault_2015.jpg 1600w\" sizes=\"auto, (max-width: 644px) 100vw, 644px\" \/><\/a><\/p>\n","protected":false},"excerpt":{"rendered":"<p>Aut\u00f3- vagy m\u00e1s j\u00e1rm\u0171dekor\u00e1ci\u00f3, prom\u00f3ci\u00f3s vagy hossz\u00fa \u00e9lettartam\u00fa alapanyagokb\u00f3l k\u00e9sz\u00edtve, v\u00e1gott \u00e9s nyomtatott kivitelben. Kivitelez\u00e9st \u00e9s ig\u00e9ny szerint tervez\u00e9st is v\u00e1llalunk. Nyomtatott, lamin\u00e1lt \u00e9s form\u00e1ra v\u00e1gott dekor\u00e1ci\u00f3: Kamion f\u00f3li\u00e1z\u00e1s, anyag\u00e1ban k\u00e9k f\u00f3li\u00e1b\u00f3l v\u00e1gott dekor\u00e1ci\u00f3: Prom\u00f3ci\u00f3s aut\u00f3f\u00f3lia: 101 f\u00f3li\u00e1zott aut\u00f3: Teljes aut\u00f3 bevon\u00e1s nyomtatott f\u00f3li\u00e1val:<\/p>\n","protected":false},"author":1,"featured_media":0,"parent":0,"menu_order":7,"comment_status":"closed","ping_status":"closed","template":"","meta":{"footnotes":""},"class_list":["post-14","page","type-page","status-publish","hentry"],"_links":{"self":[{"href":"https:\/\/www.gemsonic.hu\/index.php\/wp-json\/wp\/v2\/pages\/14","targetHints":{"allow":["GET"]}}],"collection":[{"href":"https:\/\/www.gemsonic.hu\/index.php\/wp-json\/wp\/v2\/pages"}],"about":[{"href":"https:\/\/www.gemsonic.hu\/index.php\/wp-json\/wp\/v2\/types\/page"}],"author":[{"embeddable":true,"href":"https:\/\/www.gemsonic.hu\/index.php\/wp-json\/wp\/v2\/users\/1"}],"replies":[{"embeddable":true,"href":"https:\/\/www.gemsonic.hu\/index.php\/wp-json\/wp\/v2\/comments?post=14"}],"version-history":[{"count":9,"href":"https:\/\/www.gemsonic.hu\/index.php\/wp-json\/wp\/v2\/pages\/14\/revisions"}],"predecessor-version":[{"id":240,"href":"https:\/\/www.gemsonic.hu\/index.php\/wp-json\/wp\/v2\/pages\/14\/revisions\/240"}],"wp:attachment":[{"href":"https:\/\/www.gemsonic.hu\/index.php\/wp-json\/wp\/v2\/media?parent=14"}],"curies":[{"name":"wp","href":"https:\/\/api.w.org\/{rel}","templated":true}]}}