{"id":16,"date":"2015-10-12T18:34:22","date_gmt":"2015-10-12T18:34:22","guid":{"rendered":"http:\/\/www.gemsonic.hu\/?page_id=16"},"modified":"2015-10-13T19:06:31","modified_gmt":"2015-10-13T19:06:31","slug":"laminalas","status":"publish","type":"page","link":"https:\/\/www.gemsonic.hu\/index.php\/laminalas\/","title":{"rendered":"Lamin\u00e1l\u00e1s"},"content":{"rendered":"<p>160cm sz\u00e9les tekercslamin\u00e1l\u00f3 g\u00e9p\u00fcnkkel v\u00e9d\u0151r\u00e9teggel l\u00e1tjuk el a kinyomtatott f\u00f3li\u00e1kat, plak\u00e1tokat. A lamin\u00e1l\u00e1s alkalmas a nyomtatott anyag UV sug\u00e1rz\u00e1s \u00e9s fizikai behat\u00e1sok elleni v\u00e9delm\u00e9t biztos\u00edtani (pl. padl\u00f3dekor, vagy k\u00fclt\u00e9ri, kirakat \u00e9s aut\u00f3matric\u00e1k eset\u00e9n).<\/p>\n","protected":false},"excerpt":{"rendered":"<p>160cm sz\u00e9les tekercslamin\u00e1l\u00f3 g\u00e9p\u00fcnkkel v\u00e9d\u0151r\u00e9teggel l\u00e1tjuk el a kinyomtatott f\u00f3li\u00e1kat, plak\u00e1tokat. A lamin\u00e1l\u00e1s alkalmas a nyomtatott anyag UV sug\u00e1rz\u00e1s \u00e9s fizikai behat\u00e1sok elleni v\u00e9delm\u00e9t biztos\u00edtani (pl. padl\u00f3dekor, vagy k\u00fclt\u00e9ri, kirakat \u00e9s aut\u00f3matric\u00e1k eset\u00e9n).<\/p>\n","protected":false},"author":1,"featured_media":0,"parent":0,"menu_order":3,"comment_status":"closed","ping_status":"closed","template":"","meta":{"footnotes":""},"class_list":["post-16","page","type-page","status-publish","hentry"],"_links":{"self":[{"href":"https:\/\/www.gemsonic.hu\/index.php\/wp-json\/wp\/v2\/pages\/16","targetHints":{"allow":["GET"]}}],"collection":[{"href":"https:\/\/www.gemsonic.hu\/index.php\/wp-json\/wp\/v2\/pages"}],"about":[{"href":"https:\/\/www.gemsonic.hu\/index.php\/wp-json\/wp\/v2\/types\/page"}],"author":[{"embeddable":true,"href":"https:\/\/www.gemsonic.hu\/index.php\/wp-json\/wp\/v2\/users\/1"}],"replies":[{"embeddable":true,"href":"https:\/\/www.gemsonic.hu\/index.php\/wp-json\/wp\/v2\/comments?post=16"}],"version-history":[{"count":1,"href":"https:\/\/www.gemsonic.hu\/index.php\/wp-json\/wp\/v2\/pages\/16\/revisions"}],"predecessor-version":[{"id":17,"href":"https:\/\/www.gemsonic.hu\/index.php\/wp-json\/wp\/v2\/pages\/16\/revisions\/17"}],"wp:attachment":[{"href":"https:\/\/www.gemsonic.hu\/index.php\/wp-json\/wp\/v2\/media?parent=16"}],"curies":[{"name":"wp","href":"https:\/\/api.w.org\/{rel}","templated":true}]}}