{"id":44,"date":"2015-10-13T03:49:41","date_gmt":"2015-10-13T03:49:41","guid":{"rendered":"http:\/\/www.gemsonic.hu\/?page_id=44"},"modified":"2018-02-11T10:26:47","modified_gmt":"2018-02-11T10:26:47","slug":"kirakat_tabla-kirakat_matrica","status":"publish","type":"page","link":"https:\/\/www.gemsonic.hu\/index.php\/kirakat_tabla-kirakat_matrica\/","title":{"rendered":"T\u00e1bla, matrica"},"content":{"rendered":"<p>Teljes k\u00fclt\u00e9ri arculat kivitelez\u00e9s m\u0171anyag vagy DiBond (alu\/m\u0171anyag szendvics) lemezekkel, nyomtatott vagy v\u00e1gott f\u00f3liadekorral, lamin\u00e1lt, UV \u00e1ll\u00f3 kivitelben. Ig\u00e9ny eset\u00e9n a lakatosmunk\u00e1t is elv\u00e9gezz\u00fck (nem s\u00edk fel\u00fcletek, szabadon \u00e1ll\u00f3 t\u00e1bl\u00e1k).<\/p>\n<p>Ha kirakat\u00e1t fel\u00faj\u00edtatn\u00e1, vev\u0151ir\u00e1ny\u00edt\u00f3 t\u00e1bl\u00e1kon, egy\u00e9b feliratokon gondolkozik, mi seg\u00edt\u00fcnk.<\/p>\n<p>Prom\u00f3ci\u00f3s vagy hossz\u00fat\u00e1v\u00fa k\u00fcl- \u00e9s belt\u00e9ri dekor\u00e1ci\u00f3k, norm\u00e1l vagy &#8222;lyukacsos&#8221;, bel\u00fclr\u0151l \u00e1tl\u00e1that\u00f3 f\u00f3li\u00e1val.<\/p>\n<p>Szabadon \u00e1ll\u00f3 t\u00e1bla fel\u00faj\u00edt\u00e1sa DiBond lemezekkel:<a href=\"https:\/\/www.gemsonic.hu\/wp-content\/uploads\/unix_obudatabla2015.jpg\"><img loading=\"lazy\" decoding=\"async\" class=\"alignnone size-large wp-image-35\" src=\"https:\/\/www.gemsonic.hu\/wp-content\/uploads\/unix_obudatabla2015-644x483.jpg\" alt=\"unix_obudatabla2015\" width=\"644\" height=\"483\" srcset=\"https:\/\/www.gemsonic.hu\/wp-content\/uploads\/unix_obudatabla2015-644x483.jpg 644w, https:\/\/www.gemsonic.hu\/wp-content\/uploads\/unix_obudatabla2015-300x225.jpg 300w, https:\/\/www.gemsonic.hu\/wp-content\/uploads\/unix_obudatabla2015.jpg 1600w\" sizes=\"auto, (max-width: 644px) 100vw, 644px\" \/><\/a><\/p>\n<p>A Vol\u00e1nbusz N\u00e9pliget p\u00e1lyaudvaron kihelyezett ablakdekor. A fels\u0151 sor lyukacsos (one-way-vision) f\u00f3li\u00e1b\u00f3l, az alatta l\u00e9v\u0151k norm\u00e1l f\u00f3li\u00e1b\u00f3l, UV lamin\u00e1l\u00e1ssal k\u00e9sz\u00fcltek:<a href=\"https:\/\/www.gemsonic.hu\/wp-content\/uploads\/IMG_6548.jpg\"><img loading=\"lazy\" decoding=\"async\" class=\"alignnone size-large wp-image-41\" src=\"https:\/\/www.gemsonic.hu\/wp-content\/uploads\/IMG_6548-644x247.jpg\" alt=\"IMG_6548.jpg\" width=\"644\" height=\"213\" \/><\/a><\/p>\n<p>Teljes k\u00fcls\u0151 dekor\u00e1ci\u00f3, matric\u00e1z\u00e1ssal \u00e9s nyomtatott fel\u00fclet\u0171 DiBond lemezekkel:<a href=\"https:\/\/www.gemsonic.hu\/wp-content\/uploads\/unix_mohacs2015.jpg\"><img loading=\"lazy\" decoding=\"async\" class=\"alignnone size-large wp-image-34\" src=\"https:\/\/www.gemsonic.hu\/wp-content\/uploads\/unix_mohacs2015-644x483.jpg\" alt=\"unix_mohacs2015\" width=\"644\" height=\"483\" srcset=\"https:\/\/www.gemsonic.hu\/wp-content\/uploads\/unix_mohacs2015-644x483.jpg 644w, https:\/\/www.gemsonic.hu\/wp-content\/uploads\/unix_mohacs2015-300x225.jpg 300w, https:\/\/www.gemsonic.hu\/wp-content\/uploads\/unix_mohacs2015.jpg 1600w\" sizes=\"auto, (max-width: 644px) 100vw, 644px\" \/><\/a><\/p>\n<p>Prom\u00f3ci\u00f3s dekor\u00e1ci\u00f3:<a href=\"https:\/\/www.gemsonic.hu\/wp-content\/uploads\/costa_201509a.jpg\"><img loading=\"lazy\" decoding=\"async\" class=\"alignnone size-large wp-image-45\" src=\"https:\/\/www.gemsonic.hu\/wp-content\/uploads\/costa_201509a-644x859.jpg\" alt=\"costa_201509a\" width=\"644\" height=\"859\" srcset=\"https:\/\/www.gemsonic.hu\/wp-content\/uploads\/costa_201509a-644x859.jpg 644w, https:\/\/www.gemsonic.hu\/wp-content\/uploads\/costa_201509a-225x300.jpg 225w, https:\/\/www.gemsonic.hu\/wp-content\/uploads\/costa_201509a.jpg 1200w\" sizes=\"auto, (max-width: 644px) 100vw, 644px\" \/><\/a><\/p>\n<p><a href=\"https:\/\/www.gemsonic.hu\/wp-content\/uploads\/costa_201509b.jpg\"><img loading=\"lazy\" decoding=\"async\" class=\"alignnone size-large wp-image-46\" src=\"https:\/\/www.gemsonic.hu\/wp-content\/uploads\/costa_201509b-644x483.jpg\" alt=\"costa_201509b\" width=\"644\" height=\"483\" srcset=\"https:\/\/www.gemsonic.hu\/wp-content\/uploads\/costa_201509b-644x483.jpg 644w, https:\/\/www.gemsonic.hu\/wp-content\/uploads\/costa_201509b-300x225.jpg 300w, https:\/\/www.gemsonic.hu\/wp-content\/uploads\/costa_201509b.jpg 1600w\" sizes=\"auto, (max-width: 644px) 100vw, 644px\" \/><\/a><\/p>\n<p>F\u00f3liav\u00e1g\u00e1ssal k\u00e9sz\u00edtett DiBond (alu\/m\u0171anyag) szendvicslemez t\u00e1bla:<br \/>\n<a href=\"https:\/\/www.gemsonic.hu\/wp-content\/uploads\/walldivision_2015.jpg\"><img loading=\"lazy\" decoding=\"async\" class=\"alignnone size-large wp-image-103\" src=\"https:\/\/www.gemsonic.hu\/wp-content\/uploads\/walldivision_2015-644x483.jpg\" alt=\"walldivision_2015\" width=\"644\" height=\"483\" srcset=\"https:\/\/www.gemsonic.hu\/wp-content\/uploads\/walldivision_2015-644x483.jpg 644w, https:\/\/www.gemsonic.hu\/wp-content\/uploads\/walldivision_2015-300x225.jpg 300w, https:\/\/www.gemsonic.hu\/wp-content\/uploads\/walldivision_2015.jpg 1600w\" sizes=\"auto, (max-width: 644px) 100vw, 644px\" \/><\/a><\/p>\n<p>One-way-vision (lyukacsos, bel\u00fclr\u0151l \u00e1tl\u00e1tsz\u00f3) dekor\u00e1ci\u00f3:<a href=\"https:\/\/www.gemsonic.hu\/wp-content\/uploads\/owv_bosch2015.jpg\"><img loading=\"lazy\" decoding=\"async\" class=\"alignnone size-large wp-image-42\" src=\"https:\/\/www.gemsonic.hu\/wp-content\/uploads\/owv_bosch2015-644x859.jpg\" alt=\"owv_bosch2015\" width=\"644\" height=\"859\" srcset=\"https:\/\/www.gemsonic.hu\/wp-content\/uploads\/owv_bosch2015-644x859.jpg 644w, https:\/\/www.gemsonic.hu\/wp-content\/uploads\/owv_bosch2015-225x300.jpg 225w, https:\/\/www.gemsonic.hu\/wp-content\/uploads\/owv_bosch2015.jpg 1200w\" sizes=\"auto, (max-width: 644px) 100vw, 644px\" \/><\/a><\/p>\n<p>T\u00e1blafel\u00faj\u00edt\u00e1s, 2015. Az els\u0151 oldali t\u00e1bl\u00e1t is mi k\u00e9sz\u00edtett\u00fck, 2009-ben, az\u00f3ta elavult, a m\u0171anyag lemez elhaszn\u00e1l\u00f3dott. A m\u00e1sodik\u00a0t\u00e1bla m\u00e1r DiBondb\u00f3l k\u00e9sz\u00fclt, mely m\u00e9rettart\u00f3 \u00e9s jobban ellen\u00e1ll az id\u0151j\u00e1r\u00e1snak.<a href=\"https:\/\/www.gemsonic.hu\/wp-content\/uploads\/bcs_regi.jpg\"><br \/>\n<img loading=\"lazy\" decoding=\"async\" class=\"alignnone size-medium wp-image-56\" src=\"https:\/\/www.gemsonic.hu\/wp-content\/uploads\/bcs_regi-300x225.jpg\" alt=\"bcs_regi\" width=\"300\" height=\"225\" srcset=\"https:\/\/www.gemsonic.hu\/wp-content\/uploads\/bcs_regi-300x225.jpg 300w, https:\/\/www.gemsonic.hu\/wp-content\/uploads\/bcs_regi-644x483.jpg 644w, https:\/\/www.gemsonic.hu\/wp-content\/uploads\/bcs_regi.jpg 1600w\" sizes=\"auto, (max-width: 300px) 100vw, 300px\" \/><\/a> <a href=\"https:\/\/www.gemsonic.hu\/wp-content\/uploads\/bcs_uj2015.jpg\"><img loading=\"lazy\" decoding=\"async\" class=\"alignnone size-medium wp-image-57\" src=\"https:\/\/www.gemsonic.hu\/wp-content\/uploads\/bcs_uj2015-300x225.jpg\" alt=\"bcs_uj2015\" width=\"300\" height=\"225\" srcset=\"https:\/\/www.gemsonic.hu\/wp-content\/uploads\/bcs_uj2015-300x225.jpg 300w, https:\/\/www.gemsonic.hu\/wp-content\/uploads\/bcs_uj2015-644x483.jpg 644w, https:\/\/www.gemsonic.hu\/wp-content\/uploads\/bcs_uj2015.jpg 1600w\" sizes=\"auto, (max-width: 300px) 100vw, 300px\" \/><\/a><\/p>\n<p>K\u00fcls\u0151\/bels\u0151 dekor\u00e1ci\u00f3. A t\u00e1bla DiBond, egysz\u00edn\u0171 k\u00e9k f\u00f3li\u00e1val, feh\u00e9r, v\u00e1gott sz\u00f6veggel. A kirakat v\u00e1gott f\u00f3lia. A bels\u0151 dekor\u00e1ci\u00f3 habos\u00edtott 3mm-es m\u0171anyag t\u00e1bla, k\u00e9k alapon feh\u00e9r v\u00e1gott matric\u00e1val. A 3D-s bet\u0171ket k\u00fcls\u0151s c\u00e9g k\u00e9sz\u00edtette.<a href=\"https:\/\/www.gemsonic.hu\/wp-content\/uploads\/ic_szexard2015c.jpg\"><img loading=\"lazy\" decoding=\"async\" class=\"alignnone size-medium wp-image-62\" src=\"https:\/\/www.gemsonic.hu\/wp-content\/uploads\/ic_szexard2015c-300x225.jpg\" alt=\"ic_szexard2015c\" width=\"300\" height=\"225\" srcset=\"https:\/\/www.gemsonic.hu\/wp-content\/uploads\/ic_szexard2015c-300x225.jpg 300w, https:\/\/www.gemsonic.hu\/wp-content\/uploads\/ic_szexard2015c-644x483.jpg 644w, https:\/\/www.gemsonic.hu\/wp-content\/uploads\/ic_szexard2015c.jpg 1600w\" sizes=\"auto, (max-width: 300px) 100vw, 300px\" \/><\/a> <a href=\"https:\/\/www.gemsonic.hu\/wp-content\/uploads\/ic_szexard2015a.jpg\"><img loading=\"lazy\" decoding=\"async\" class=\"alignnone size-medium wp-image-63\" src=\"https:\/\/www.gemsonic.hu\/wp-content\/uploads\/ic_szexard2015a-300x225.jpg\" alt=\"ic_szexard2015a\" width=\"300\" height=\"225\" srcset=\"https:\/\/www.gemsonic.hu\/wp-content\/uploads\/ic_szexard2015a-300x225.jpg 300w, https:\/\/www.gemsonic.hu\/wp-content\/uploads\/ic_szexard2015a-644x483.jpg 644w, https:\/\/www.gemsonic.hu\/wp-content\/uploads\/ic_szexard2015a.jpg 1600w\" sizes=\"auto, (max-width: 300px) 100vw, 300px\" \/><\/a> <a href=\"https:\/\/www.gemsonic.hu\/wp-content\/uploads\/ic_szexard2015b.jpg\"><img loading=\"lazy\" decoding=\"async\" class=\"alignnone size-medium wp-image-64\" src=\"https:\/\/www.gemsonic.hu\/wp-content\/uploads\/ic_szexard2015b-300x225.jpg\" alt=\"ic_szexard2015b\" width=\"300\" height=\"225\" srcset=\"https:\/\/www.gemsonic.hu\/wp-content\/uploads\/ic_szexard2015b-300x225.jpg 300w, https:\/\/www.gemsonic.hu\/wp-content\/uploads\/ic_szexard2015b-644x483.jpg 644w, https:\/\/www.gemsonic.hu\/wp-content\/uploads\/ic_szexard2015b.jpg 1600w\" sizes=\"auto, (max-width: 300px) 100vw, 300px\" \/><\/a><\/p>\n","protected":false},"excerpt":{"rendered":"<p>Teljes k\u00fclt\u00e9ri arculat kivitelez\u00e9s m\u0171anyag vagy DiBond (alu\/m\u0171anyag szendvics) lemezekkel, nyomtatott vagy v\u00e1gott f\u00f3liadekorral, lamin\u00e1lt, UV \u00e1ll\u00f3 kivitelben. Ig\u00e9ny eset\u00e9n a lakatosmunk\u00e1t is elv\u00e9gezz\u00fck (nem s\u00edk fel\u00fcletek, szabadon \u00e1ll\u00f3 t\u00e1bl\u00e1k). Ha kirakat\u00e1t fel\u00faj\u00edtatn\u00e1, vev\u0151ir\u00e1ny\u00edt\u00f3 t\u00e1bl\u00e1kon, egy\u00e9b feliratokon gondolkozik, mi seg\u00edt\u00fcnk. Prom\u00f3ci\u00f3s vagy hossz\u00fat\u00e1v\u00fa k\u00fcl- \u00e9s belt\u00e9ri dekor\u00e1ci\u00f3k, norm\u00e1l vagy &#8222;lyukacsos&#8221;, bel\u00fclr\u0151l \u00e1tl\u00e1that\u00f3 f\u00f3li\u00e1val. Szabadon \u00e1ll\u00f3&#8230;<\/p>\n","protected":false},"author":1,"featured_media":0,"parent":0,"menu_order":5,"comment_status":"closed","ping_status":"closed","template":"","meta":{"footnotes":""},"class_list":["post-44","page","type-page","status-publish","hentry"],"_links":{"self":[{"href":"https:\/\/www.gemsonic.hu\/index.php\/wp-json\/wp\/v2\/pages\/44","targetHints":{"allow":["GET"]}}],"collection":[{"href":"https:\/\/www.gemsonic.hu\/index.php\/wp-json\/wp\/v2\/pages"}],"about":[{"href":"https:\/\/www.gemsonic.hu\/index.php\/wp-json\/wp\/v2\/types\/page"}],"author":[{"embeddable":true,"href":"https:\/\/www.gemsonic.hu\/index.php\/wp-json\/wp\/v2\/users\/1"}],"replies":[{"embeddable":true,"href":"https:\/\/www.gemsonic.hu\/index.php\/wp-json\/wp\/v2\/comments?post=44"}],"version-history":[{"count":12,"href":"https:\/\/www.gemsonic.hu\/index.php\/wp-json\/wp\/v2\/pages\/44\/revisions"}],"predecessor-version":[{"id":260,"href":"https:\/\/www.gemsonic.hu\/index.php\/wp-json\/wp\/v2\/pages\/44\/revisions\/260"}],"wp:attachment":[{"href":"https:\/\/www.gemsonic.hu\/index.php\/wp-json\/wp\/v2\/media?parent=44"}],"curies":[{"name":"wp","href":"https:\/\/api.w.org\/{rel}","templated":true}]}}