{"id":6,"date":"2015-10-12T18:19:58","date_gmt":"2015-10-12T18:19:58","guid":{"rendered":"http:\/\/www.gemsonic.hu\/?page_id=6"},"modified":"2018-02-09T15:29:31","modified_gmt":"2018-02-09T15:29:31","slug":"nyomtatas_digitalis-nyomtatas","status":"publish","type":"page","link":"https:\/\/www.gemsonic.hu\/index.php\/nyomtatas_digitalis-nyomtatas\/","title":{"rendered":"Nyomtat\u00e1s"},"content":{"rendered":"<p>K\u00fcl- \u00e9s belt\u00e9ri nyomtat\u00e1s \u00f6ntapad\u00f3s f\u00f3li\u00e1ra, m\u0171anyag frontlit ponyv\u00e1ra (&#8222;molin\u00f3&#8221;), fot\u00f3pap\u00edrra, plak\u00e1tpap\u00edrra, one-way-vision f\u00f3li\u00e1ra, rollup anyagra, \u00e9p\u00edt\u00e9si &#8222;mesh&#8221; h\u00e1l\u00f3ra, max. 158 cm sz\u00e9less\u00e9gben, 540-1440 dpi felbont\u00e1ssal! K\u00fclt\u00e9ren 3 \u00e9v \u00e9lettartam, lamin\u00e1l\u00e1s n\u00e9lk\u00fcl, de lamin\u00e1lunk is, ig\u00e9ny eset\u00e9n!<\/p>\n<p>Felhaszn\u00e1l\u00e1si ter\u00fcletek:<\/p>\n<ul>\n<li>aut\u00f3dekor\u00e1ci\u00f3hoz<\/li>\n<li>rekl\u00e1mt\u00e1bl\u00e1kra<\/li>\n<li>\u00f3ri\u00e1splak\u00e1tra<\/li>\n<li>ki\u00e1ll\u00edt\u00e1si standokra<\/li>\n<li>c\u00e9gt\u00e1bl\u00e1kra<\/li>\n<li>\u00fczletdekor\u00e1ci\u00f3hoz<\/li>\n<li>roll-up, hordozhat\u00f3 megold\u00e1sokhoz<\/li>\n<\/ul>\n<p>Nyomtatott, kont\u00farv\u00e1gott matric\u00e1k:<a href=\"https:\/\/www.gemsonic.hu\/wp-content\/uploads\/kiszedes.jpg\"><br \/>\n<img loading=\"lazy\" decoding=\"async\" class=\"alignnone size-medium wp-image-50\" src=\"https:\/\/www.gemsonic.hu\/wp-content\/uploads\/kiszedes-300x225.jpg\" alt=\"kiszedes\" width=\"300\" height=\"225\" srcset=\"https:\/\/www.gemsonic.hu\/wp-content\/uploads\/kiszedes-300x225.jpg 300w, https:\/\/www.gemsonic.hu\/wp-content\/uploads\/kiszedes-644x483.jpg 644w, https:\/\/www.gemsonic.hu\/wp-content\/uploads\/kiszedes.jpg 1600w\" sizes=\"auto, (max-width: 300px) 100vw, 300px\" \/><\/a> <a href=\"https:\/\/www.gemsonic.hu\/wp-content\/uploads\/sophieben_2015.jpg\"><img loading=\"lazy\" decoding=\"async\" class=\"alignnone size-medium wp-image-74\" src=\"https:\/\/www.gemsonic.hu\/wp-content\/uploads\/sophieben_2015-300x225.jpg\" alt=\"sophieben_2015\" width=\"300\" height=\"225\" srcset=\"https:\/\/www.gemsonic.hu\/wp-content\/uploads\/sophieben_2015-300x225.jpg 300w, https:\/\/www.gemsonic.hu\/wp-content\/uploads\/sophieben_2015-644x483.jpg 644w, https:\/\/www.gemsonic.hu\/wp-content\/uploads\/sophieben_2015.jpg 1600w\" sizes=\"auto, (max-width: 300px) 100vw, 300px\" \/><\/a><\/p>\n<p>Pap\u00edr plak\u00e1tok:<br \/>\n<a href=\"https:\/\/www.gemsonic.hu\/wp-content\/uploads\/IMG_6453.jpg\"><img loading=\"lazy\" decoding=\"async\" class=\"alignnone size-medium wp-image-92\" src=\"https:\/\/www.gemsonic.hu\/wp-content\/uploads\/IMG_6453-300x225.jpg\" alt=\"IMG_6453\" width=\"300\" height=\"225\" srcset=\"https:\/\/www.gemsonic.hu\/wp-content\/uploads\/IMG_6453-300x225.jpg 300w, https:\/\/www.gemsonic.hu\/wp-content\/uploads\/IMG_6453-644x483.jpg 644w, https:\/\/www.gemsonic.hu\/wp-content\/uploads\/IMG_6453.jpg 1600w\" sizes=\"auto, (max-width: 300px) 100vw, 300px\" \/><\/a><\/p>\n<p>&nbsp;<\/p>\n","protected":false},"excerpt":{"rendered":"<p>K\u00fcl- \u00e9s belt\u00e9ri nyomtat\u00e1s \u00f6ntapad\u00f3s f\u00f3li\u00e1ra, m\u0171anyag frontlit ponyv\u00e1ra (&#8222;molin\u00f3&#8221;), fot\u00f3pap\u00edrra, plak\u00e1tpap\u00edrra, one-way-vision f\u00f3li\u00e1ra, rollup anyagra, \u00e9p\u00edt\u00e9si &#8222;mesh&#8221; h\u00e1l\u00f3ra, max. 158 cm sz\u00e9less\u00e9gben, 540-1440 dpi felbont\u00e1ssal! K\u00fclt\u00e9ren 3 \u00e9v \u00e9lettartam, lamin\u00e1l\u00e1s n\u00e9lk\u00fcl, de lamin\u00e1lunk is, ig\u00e9ny eset\u00e9n! Felhaszn\u00e1l\u00e1si ter\u00fcletek: aut\u00f3dekor\u00e1ci\u00f3hoz rekl\u00e1mt\u00e1bl\u00e1kra \u00f3ri\u00e1splak\u00e1tra ki\u00e1ll\u00edt\u00e1si standokra c\u00e9gt\u00e1bl\u00e1kra \u00fczletdekor\u00e1ci\u00f3hoz roll-up, hordozhat\u00f3 megold\u00e1sokhoz Nyomtatott, kont\u00farv\u00e1gott matric\u00e1k: Pap\u00edr plak\u00e1tok: &nbsp;<\/p>\n","protected":false},"author":1,"featured_media":0,"parent":0,"menu_order":1,"comment_status":"closed","ping_status":"closed","template":"","meta":{"footnotes":""},"class_list":["post-6","page","type-page","status-publish","hentry"],"_links":{"self":[{"href":"https:\/\/www.gemsonic.hu\/index.php\/wp-json\/wp\/v2\/pages\/6","targetHints":{"allow":["GET"]}}],"collection":[{"href":"https:\/\/www.gemsonic.hu\/index.php\/wp-json\/wp\/v2\/pages"}],"about":[{"href":"https:\/\/www.gemsonic.hu\/index.php\/wp-json\/wp\/v2\/types\/page"}],"author":[{"embeddable":true,"href":"https:\/\/www.gemsonic.hu\/index.php\/wp-json\/wp\/v2\/users\/1"}],"replies":[{"embeddable":true,"href":"https:\/\/www.gemsonic.hu\/index.php\/wp-json\/wp\/v2\/comments?post=6"}],"version-history":[{"count":4,"href":"https:\/\/www.gemsonic.hu\/index.php\/wp-json\/wp\/v2\/pages\/6\/revisions"}],"predecessor-version":[{"id":95,"href":"https:\/\/www.gemsonic.hu\/index.php\/wp-json\/wp\/v2\/pages\/6\/revisions\/95"}],"wp:attachment":[{"href":"https:\/\/www.gemsonic.hu\/index.php\/wp-json\/wp\/v2\/media?parent=6"}],"curies":[{"name":"wp","href":"https:\/\/api.w.org\/{rel}","templated":true}]}}