{"id":8,"date":"2015-10-12T18:22:23","date_gmt":"2015-10-12T18:22:23","guid":{"rendered":"http:\/\/www.gemsonic.hu\/?page_id=8"},"modified":"2018-02-02T07:36:33","modified_gmt":"2018-02-02T07:36:33","slug":"molino","status":"publish","type":"page","link":"https:\/\/www.gemsonic.hu\/index.php\/molino\/","title":{"rendered":"Molin\u00f3 gy\u00e1rt\u00e1s"},"content":{"rendered":"<div id=\"content\">\n<p>Nyomtatunk fesz\u00edthet\u0151 m\u0171anyag k\u00fclt\u00e9ri frontlit banner anyagra max. 155 cm sz\u00e9less\u00e9gben (k\u00e9sz m\u00e9ret, szegve, karik\u00e1zva, vagy b\u00fajtat\u00f3val). Kiz\u00e1r\u00f3lag min\u0151s\u00e9gi, 450gr-os, \u00f6nt\u00f6tt-sz\u00f6v\u00f6tt frontlit anyagot haszn\u00e1lunk!<\/p>\n<p>Felhaszn\u00e1l\u00e1si ter\u00fcletek:<\/p>\n<ul>\n<li>alkalmi dekor\u00e1ci\u00f3k<\/li>\n<li>ir\u00e1ny\u00edt\u00f3- \u00e9s t\u00e1j\u00e9koztat\u00f3 ponyv\u00e1k<\/li>\n<li>rendezv\u00e9nyeken kihelyezhet\u0151 mobil rekl\u00e1mok, stb.<\/li>\n<\/ul>\n<p>300\u00d7150cm-es molin\u00f3k, visszahajtva, karik\u00e1zva, k\u00e1belk\u00f6tegel\u0151kkel r\u00f6gz\u00edtve:<a href=\"https:\/\/www.gemsonic.hu\/wp-content\/uploads\/IMG_6551.jpg\"><img loading=\"lazy\" decoding=\"async\" class=\"alignnone size-large wp-image-52\" src=\"https:\/\/www.gemsonic.hu\/wp-content\/uploads\/IMG_6551-644x483.jpg\" alt=\"molino\" width=\"644\" height=\"483\" \/><\/a><\/p>\n<\/div>\n","protected":false},"excerpt":{"rendered":"<p>Nyomtatunk fesz\u00edthet\u0151 m\u0171anyag k\u00fclt\u00e9ri frontlit banner anyagra max. 155 cm sz\u00e9less\u00e9gben (k\u00e9sz m\u00e9ret, szegve, karik\u00e1zva, vagy b\u00fajtat\u00f3val). Kiz\u00e1r\u00f3lag min\u0151s\u00e9gi, 450gr-os, \u00f6nt\u00f6tt-sz\u00f6v\u00f6tt frontlit anyagot haszn\u00e1lunk! Felhaszn\u00e1l\u00e1si ter\u00fcletek: alkalmi dekor\u00e1ci\u00f3k ir\u00e1ny\u00edt\u00f3- \u00e9s t\u00e1j\u00e9koztat\u00f3 ponyv\u00e1k rendezv\u00e9nyeken kihelyezhet\u0151 mobil rekl\u00e1mok, stb. 300\u00d7150cm-es molin\u00f3k, visszahajtva, karik\u00e1zva, k\u00e1belk\u00f6tegel\u0151kkel r\u00f6gz\u00edtve:<\/p>\n","protected":false},"author":1,"featured_media":0,"parent":0,"menu_order":6,"comment_status":"closed","ping_status":"closed","template":"","meta":{"footnotes":""},"class_list":["post-8","page","type-page","status-publish","hentry"],"_links":{"self":[{"href":"https:\/\/www.gemsonic.hu\/index.php\/wp-json\/wp\/v2\/pages\/8","targetHints":{"allow":["GET"]}}],"collection":[{"href":"https:\/\/www.gemsonic.hu\/index.php\/wp-json\/wp\/v2\/pages"}],"about":[{"href":"https:\/\/www.gemsonic.hu\/index.php\/wp-json\/wp\/v2\/types\/page"}],"author":[{"embeddable":true,"href":"https:\/\/www.gemsonic.hu\/index.php\/wp-json\/wp\/v2\/users\/1"}],"replies":[{"embeddable":true,"href":"https:\/\/www.gemsonic.hu\/index.php\/wp-json\/wp\/v2\/comments?post=8"}],"version-history":[{"count":7,"href":"https:\/\/www.gemsonic.hu\/index.php\/wp-json\/wp\/v2\/pages\/8\/revisions"}],"predecessor-version":[{"id":241,"href":"https:\/\/www.gemsonic.hu\/index.php\/wp-json\/wp\/v2\/pages\/8\/revisions\/241"}],"wp:attachment":[{"href":"https:\/\/www.gemsonic.hu\/index.php\/wp-json\/wp\/v2\/media?parent=8"}],"curies":[{"name":"wp","href":"https:\/\/api.w.org\/{rel}","templated":true}]}}